{"id":97,"date":"2025-07-21T16:50:39","date_gmt":"2025-07-21T16:50:39","guid":{"rendered":"https:\/\/berrelhas.celeumasandbox.pt\/muv\/?page_id=97"},"modified":"2025-07-30T14:56:26","modified_gmt":"2025-07-30T14:56:26","slug":"tarifas","status":"publish","type":"page","link":"https:\/\/berrelhas.celeumasandbox.pt\/muv\/tarifas\/","title":{"rendered":"Tarifas"},"content":{"rendered":"<h2>Tarifas &amp; Cart\u00f5es<\/h2>\n<p>O MUV oferece v\u00e1rias op\u00e7\u00f5es de bilh\u00e9tica para responder \u00e0s diferentes necessidades de mobilidade dos passageiros. Para al\u00e9m do bilhete simples adquirido a bordo, \u00e9 poss\u00edvel optar por cart\u00f5es pr\u00e9-pagos e passes mensais que tornam as viagens mais econ\u00f3micas e pr\u00e1ticas.<\/p>\n","protected":false},"excerpt":{"rendered":"<p>Tarifas &amp; Cart\u00f5es O MUV oferece v\u00e1rias op\u00e7\u00f5es de bilh\u00e9tica para responder \u00e0s diferentes necessidades de mobilidade dos passageiros. Para al\u00e9m do bilhete simples adquirido a bordo, \u00e9 poss\u00edvel optar por cart\u00f5es pr\u00e9-pagos e passes mensais que tornam as viagens mais econ\u00f3micas e pr\u00e1ticas.<\/p>\n","protected":false},"author":1,"featured_media":99,"parent":0,"menu_order":0,"comment_status":"closed","ping_status":"closed","template":"page-tarifas.php","meta":{"_acf_changed":false,"footnotes":""},"class_list":["post-97","page","type-page","status-publish","has-post-thumbnail","hentry"],"acf":[],"_links":{"self":[{"href":"https:\/\/berrelhas.celeumasandbox.pt\/muv\/wp-json\/wp\/v2\/pages\/97","targetHints":{"allow":["GET"]}}],"collection":[{"href":"https:\/\/berrelhas.celeumasandbox.pt\/muv\/wp-json\/wp\/v2\/pages"}],"about":[{"href":"https:\/\/berrelhas.celeumasandbox.pt\/muv\/wp-json\/wp\/v2\/types\/page"}],"author":[{"embeddable":true,"href":"https:\/\/berrelhas.celeumasandbox.pt\/muv\/wp-json\/wp\/v2\/users\/1"}],"replies":[{"embeddable":true,"href":"https:\/\/berrelhas.celeumasandbox.pt\/muv\/wp-json\/wp\/v2\/comments?post=97"}],"version-history":[{"count":4,"href":"https:\/\/berrelhas.celeumasandbox.pt\/muv\/wp-json\/wp\/v2\/pages\/97\/revisions"}],"predecessor-version":[{"id":218,"href":"https:\/\/berrelhas.celeumasandbox.pt\/muv\/wp-json\/wp\/v2\/pages\/97\/revisions\/218"}],"wp:featuredmedia":[{"embeddable":true,"href":"https:\/\/berrelhas.celeumasandbox.pt\/muv\/wp-json\/wp\/v2\/media\/99"}],"wp:attachment":[{"href":"https:\/\/berrelhas.celeumasandbox.pt\/muv\/wp-json\/wp\/v2\/media?parent=97"}],"curies":[{"name":"wp","href":"https:\/\/api.w.org\/{rel}","templated":true}]}}