{"id":84,"date":"2025-07-21T15:47:16","date_gmt":"2025-07-21T15:47:16","guid":{"rendered":"https:\/\/berrelhas.celeumasandbox.pt\/muv\/?page_id=84"},"modified":"2025-07-30T15:05:34","modified_gmt":"2025-07-30T15:05:34","slug":"direitos-dos-passageiros","status":"publish","type":"page","link":"https:\/\/berrelhas.celeumasandbox.pt\/muv\/direitos-dos-passageiros\/","title":{"rendered":"Passageiros"},"content":{"rendered":"<h2>Direitos dos passageiros<\/h2>\n<p>Todos os passageiros do MUV t\u00eam direito a viajar com seguran\u00e7a, conforto e dignidade. T\u00eam ainda direito a receber informa\u00e7\u00e3o clara sobre hor\u00e1rios, tarifas e condi\u00e7\u00f5es de utiliza\u00e7\u00e3o do servi\u00e7o. Em caso de perturba\u00e7\u00f5es ou interrup\u00e7\u00f5es, devem ser devidamente informados e assistidos. Os passageiros com mobilidade reduzida ou necessidades especiais t\u00eam direito a acessibilidade e prioridade no atendimento. Qualquer reclama\u00e7\u00e3o ou sugest\u00e3o pode ser apresentada atrav\u00e9s dos canais oficiais da MUV, sendo garantido o tratamento adequado da mesma.<\/p>\n","protected":false},"excerpt":{"rendered":"<p>Direitos dos passageiros Todos os passageiros do MUV t\u00eam direito a viajar com seguran\u00e7a, conforto e dignidade. T\u00eam ainda direito a receber informa\u00e7\u00e3o clara sobre hor\u00e1rios, tarifas e condi\u00e7\u00f5es de utiliza\u00e7\u00e3o do servi\u00e7o. Em caso de perturba\u00e7\u00f5es ou interrup\u00e7\u00f5es, devem ser devidamente informados e assistidos. Os passageiros com mobilidade reduzida ou necessidades especiais t\u00eam direito [&hellip;]<\/p>\n","protected":false},"author":1,"featured_media":0,"parent":0,"menu_order":0,"comment_status":"closed","ping_status":"closed","template":"page-passageiros.php","meta":{"_acf_changed":false,"footnotes":""},"class_list":["post-84","page","type-page","status-publish","hentry"],"acf":[],"_links":{"self":[{"href":"https:\/\/berrelhas.celeumasandbox.pt\/muv\/wp-json\/wp\/v2\/pages\/84","targetHints":{"allow":["GET"]}}],"collection":[{"href":"https:\/\/berrelhas.celeumasandbox.pt\/muv\/wp-json\/wp\/v2\/pages"}],"about":[{"href":"https:\/\/berrelhas.celeumasandbox.pt\/muv\/wp-json\/wp\/v2\/types\/page"}],"author":[{"embeddable":true,"href":"https:\/\/berrelhas.celeumasandbox.pt\/muv\/wp-json\/wp\/v2\/users\/1"}],"replies":[{"embeddable":true,"href":"https:\/\/berrelhas.celeumasandbox.pt\/muv\/wp-json\/wp\/v2\/comments?post=84"}],"version-history":[{"count":6,"href":"https:\/\/berrelhas.celeumasandbox.pt\/muv\/wp-json\/wp\/v2\/pages\/84\/revisions"}],"predecessor-version":[{"id":221,"href":"https:\/\/berrelhas.celeumasandbox.pt\/muv\/wp-json\/wp\/v2\/pages\/84\/revisions\/221"}],"wp:attachment":[{"href":"https:\/\/berrelhas.celeumasandbox.pt\/muv\/wp-json\/wp\/v2\/media?parent=84"}],"curies":[{"name":"wp","href":"https:\/\/api.w.org\/{rel}","templated":true}]}}