{"id":2,"date":"2025-06-24T11:56:38","date_gmt":"2025-06-24T11:56:38","guid":{"rendered":"https:\/\/berrelhas.celeumasandbox.pt\/muv\/?page_id=2"},"modified":"2025-07-30T14:54:13","modified_gmt":"2025-07-30T14:54:13","slug":"a-muv","status":"publish","type":"page","link":"https:\/\/berrelhas.celeumasandbox.pt\/muv\/a-muv\/","title":{"rendered":"A MUV"},"content":{"rendered":"\r\n<h2><strong>MUV &#8211; Mobilidade Urbana de Viseu<\/strong><\/h2>\r\n<p>Viseu: o concelho com maior taxa de crescimento no centro do Pa\u00eds, a smart city com uma qualidade de vida irresist\u00edvel,<br \/>dotada de um grande cluster tecnol\u00f3gico.<br \/>\u00c9 neste contexto que surge um novo conceito de mobilidade. Um sistema de transportes integrado, melhor equipado, mais<br \/>eficiente, mais confort\u00e1vel e mais ecol\u00f3gico. O MUV representa uma forma de olhar a cidade que pretende envolver os<br \/>viseenses, captar novos utilizadores de transportes p\u00fablicos e promover a mobilidade suave.<\/p>\r\n<p>Numa palavra, o MUV \u00e9: MOVIMENTO<\/p>\r\n","protected":false},"excerpt":{"rendered":"<p>MUV &#8211; Mobilidade Urbana de Viseu Viseu: o concelho com maior taxa de crescimento no centro do Pa\u00eds, a smart city com uma qualidade de vida irresist\u00edvel,dotada de um grande cluster tecnol\u00f3gico.\u00c9 neste contexto que surge um novo conceito de mobilidade. Um sistema de transportes integrado, melhor equipado, maiseficiente, mais confort\u00e1vel e mais ecol\u00f3gico. O [&hellip;]<\/p>\n","protected":false},"author":1,"featured_media":67,"parent":0,"menu_order":0,"comment_status":"closed","ping_status":"open","template":"page-about.php","meta":{"_acf_changed":false,"footnotes":""},"class_list":["post-2","page","type-page","status-publish","has-post-thumbnail","hentry"],"acf":[],"_links":{"self":[{"href":"https:\/\/berrelhas.celeumasandbox.pt\/muv\/wp-json\/wp\/v2\/pages\/2","targetHints":{"allow":["GET"]}}],"collection":[{"href":"https:\/\/berrelhas.celeumasandbox.pt\/muv\/wp-json\/wp\/v2\/pages"}],"about":[{"href":"https:\/\/berrelhas.celeumasandbox.pt\/muv\/wp-json\/wp\/v2\/types\/page"}],"author":[{"embeddable":true,"href":"https:\/\/berrelhas.celeumasandbox.pt\/muv\/wp-json\/wp\/v2\/users\/1"}],"replies":[{"embeddable":true,"href":"https:\/\/berrelhas.celeumasandbox.pt\/muv\/wp-json\/wp\/v2\/comments?post=2"}],"version-history":[{"count":11,"href":"https:\/\/berrelhas.celeumasandbox.pt\/muv\/wp-json\/wp\/v2\/pages\/2\/revisions"}],"predecessor-version":[{"id":217,"href":"https:\/\/berrelhas.celeumasandbox.pt\/muv\/wp-json\/wp\/v2\/pages\/2\/revisions\/217"}],"wp:featuredmedia":[{"embeddable":true,"href":"https:\/\/berrelhas.celeumasandbox.pt\/muv\/wp-json\/wp\/v2\/media\/67"}],"wp:attachment":[{"href":"https:\/\/berrelhas.celeumasandbox.pt\/muv\/wp-json\/wp\/v2\/media?parent=2"}],"curies":[{"name":"wp","href":"https:\/\/api.w.org\/{rel}","templated":true}]}}