{"id":111,"date":"2025-07-22T10:02:14","date_gmt":"2025-07-22T10:02:14","guid":{"rendered":"https:\/\/berrelhas.celeumasandbox.pt\/muv\/?page_id=111"},"modified":"2025-07-30T14:49:46","modified_gmt":"2025-07-30T14:49:46","slug":"mapa-de-rede","status":"publish","type":"page","link":"https:\/\/berrelhas.celeumasandbox.pt\/muv\/mapa-de-rede\/","title":{"rendered":"Mapa de Rede"},"content":{"rendered":"<p>Servindo uma vasta \u00e1rea, Viseu depende de um servi\u00e7o est\u00e1vel de liga\u00e7\u00e3o entre o centro e a periferia. Por outro lado, a densidade de circula\u00e7\u00e3o no centro precisa de toda a ajuda poss\u00edvel no descongestionamento. Estes dois desafios levaram ao redesenho da rede de transportes urbanos de Viseu, anteriormente conhecidos como STUV.<\/p>\n","protected":false},"excerpt":{"rendered":"<p>Servindo uma vasta \u00e1rea, Viseu depende de um servi\u00e7o est\u00e1vel de liga\u00e7\u00e3o entre o centro e a periferia. Por outro lado, a densidade de circula\u00e7\u00e3o no centro precisa de toda a ajuda poss\u00edvel no descongestionamento. Estes dois desafios levaram ao redesenho da rede de transportes urbanos de Viseu, anteriormente conhecidos como STUV.<\/p>\n","protected":false},"author":1,"featured_media":212,"parent":0,"menu_order":0,"comment_status":"closed","ping_status":"closed","template":"page-mapa.php","meta":{"_acf_changed":false,"footnotes":""},"class_list":["post-111","page","type-page","status-publish","has-post-thumbnail","hentry"],"acf":[],"_links":{"self":[{"href":"https:\/\/berrelhas.celeumasandbox.pt\/muv\/wp-json\/wp\/v2\/pages\/111","targetHints":{"allow":["GET"]}}],"collection":[{"href":"https:\/\/berrelhas.celeumasandbox.pt\/muv\/wp-json\/wp\/v2\/pages"}],"about":[{"href":"https:\/\/berrelhas.celeumasandbox.pt\/muv\/wp-json\/wp\/v2\/types\/page"}],"author":[{"embeddable":true,"href":"https:\/\/berrelhas.celeumasandbox.pt\/muv\/wp-json\/wp\/v2\/users\/1"}],"replies":[{"embeddable":true,"href":"https:\/\/berrelhas.celeumasandbox.pt\/muv\/wp-json\/wp\/v2\/comments?post=111"}],"version-history":[{"count":5,"href":"https:\/\/berrelhas.celeumasandbox.pt\/muv\/wp-json\/wp\/v2\/pages\/111\/revisions"}],"predecessor-version":[{"id":215,"href":"https:\/\/berrelhas.celeumasandbox.pt\/muv\/wp-json\/wp\/v2\/pages\/111\/revisions\/215"}],"wp:featuredmedia":[{"embeddable":true,"href":"https:\/\/berrelhas.celeumasandbox.pt\/muv\/wp-json\/wp\/v2\/media\/212"}],"wp:attachment":[{"href":"https:\/\/berrelhas.celeumasandbox.pt\/muv\/wp-json\/wp\/v2\/media?parent=111"}],"curies":[{"name":"wp","href":"https:\/\/api.w.org\/{rel}","templated":true}]}}