{"id":2,"date":"2025-07-04T10:02:08","date_gmt":"2025-07-04T10:02:08","guid":{"rendered":"https:\/\/berrelhas.celeumasandbox.pt\/berrelhas\/?page_id=2"},"modified":"2025-07-29T09:16:53","modified_gmt":"2025-07-29T09:16:53","slug":"a-berrelhas","status":"publish","type":"page","link":"https:\/\/berrelhas.celeumasandbox.pt\/berrelhas\/a-berrelhas\/","title":{"rendered":"A Berrelhas"},"content":{"rendered":"\r\n<h2>A Berrelhas Transportes<\/h2>\r\n<p data-start=\"225\" data-end=\"592\">A Berrelhas Transportes \u00e9 uma empresa dedicada ao transporte coletivo de passageiros, com uma hist\u00f3ria s\u00f3lida e enraizada na regi\u00e3o de Viseu. Fundada em 1970, a empresa tem vindo a afirmar-se como um dos principais operadores de transporte rodovi\u00e1rio no centro do pa\u00eds, conjugando experi\u00eancia, inova\u00e7\u00e3o e um compromisso permanente com a qualidade do servi\u00e7o prestado.<\/p>\r\n<p data-start=\"594\" data-end=\"999\">Ao longo das d\u00e9cadas, a Berrelhas soube evoluir e adaptar-se \u00e0s novas exig\u00eancias do setor, investindo continuamente na renova\u00e7\u00e3o da sua frota e na forma\u00e7\u00e3o dos seus profissionais. Atualmente, opera com dezenas de ve\u00edculos modernos e eficientes, incluindo autocarros adaptados para pessoas com mobilidade reduzida e modelos el\u00e9tricos que refletem uma aposta clara na sustentabilidade e na mobilidade verde.<\/p>\r\n<p data-start=\"1001\" data-end=\"1427\">Desde 2019, \u00e9 a empresa concession\u00e1ria do <strong data-start=\"1043\" data-end=\"1079\">MUV \u2013 Mobilidade Urbana de Viseu<\/strong>, um sistema de transporte p\u00fablico que serve a cidade e os seus arredores com uma vasta rede de linhas, hor\u00e1rios regulares e solu\u00e7\u00f5es pensadas para o dia a dia dos passageiros. Este projeto tem vindo a refor\u00e7ar a proximidade da empresa com a popula\u00e7\u00e3o, promovendo um servi\u00e7o mais acess\u00edvel, inclusivo e ajustado \u00e0s reais necessidades da comunidade.<\/p>\r\n<p data-start=\"1429\" data-end=\"1813\">Com uma equipa profissional e dedicada, composta por motoristas, t\u00e9cnicos, administrativos e gestores com vasta experi\u00eancia, a Berrelhas Transportes mant\u00e9m como prioridade a seguran\u00e7a, o conforto e a pontualidade em cada viagem. Mais do que transportar pessoas, a empresa procura ligar destinos, encurtar dist\u00e2ncias e contribuir ativamente para uma mobilidade mais humana e eficiente.<\/p>\r\n<p data-start=\"1815\" data-end=\"2028\">A miss\u00e3o da Berrelhas \u00e9 continuar a servir a regi\u00e3o com responsabilidade e inova\u00e7\u00e3o, preservando o legado de confian\u00e7a constru\u00eddo ao longo dos anos e respondendo, com ambi\u00e7\u00e3o, aos desafios da mobilidade do futuro.<\/p>\r\n","protected":false},"excerpt":{"rendered":"<p>A Berrelhas Transportes A Berrelhas Transportes \u00e9 uma empresa dedicada ao transporte coletivo de passageiros, com uma hist\u00f3ria s\u00f3lida e enraizada na regi\u00e3o de Viseu. Fundada em 1970, a empresa tem vindo a afirmar-se como um dos principais operadores de transporte rodovi\u00e1rio no centro do pa\u00eds, conjugando experi\u00eancia, inova\u00e7\u00e3o e um compromisso permanente com a [&hellip;]<\/p>\n","protected":false},"author":1,"featured_media":31,"parent":0,"menu_order":0,"comment_status":"closed","ping_status":"open","template":"page-about.php","meta":{"_acf_changed":false,"footnotes":""},"class_list":["post-2","page","type-page","status-publish","has-post-thumbnail","hentry"],"acf":[],"_links":{"self":[{"href":"https:\/\/berrelhas.celeumasandbox.pt\/berrelhas\/wp-json\/wp\/v2\/pages\/2","targetHints":{"allow":["GET"]}}],"collection":[{"href":"https:\/\/berrelhas.celeumasandbox.pt\/berrelhas\/wp-json\/wp\/v2\/pages"}],"about":[{"href":"https:\/\/berrelhas.celeumasandbox.pt\/berrelhas\/wp-json\/wp\/v2\/types\/page"}],"author":[{"embeddable":true,"href":"https:\/\/berrelhas.celeumasandbox.pt\/berrelhas\/wp-json\/wp\/v2\/users\/1"}],"replies":[{"embeddable":true,"href":"https:\/\/berrelhas.celeumasandbox.pt\/berrelhas\/wp-json\/wp\/v2\/comments?post=2"}],"version-history":[{"count":9,"href":"https:\/\/berrelhas.celeumasandbox.pt\/berrelhas\/wp-json\/wp\/v2\/pages\/2\/revisions"}],"predecessor-version":[{"id":139,"href":"https:\/\/berrelhas.celeumasandbox.pt\/berrelhas\/wp-json\/wp\/v2\/pages\/2\/revisions\/139"}],"wp:featuredmedia":[{"embeddable":true,"href":"https:\/\/berrelhas.celeumasandbox.pt\/berrelhas\/wp-json\/wp\/v2\/media\/31"}],"wp:attachment":[{"href":"https:\/\/berrelhas.celeumasandbox.pt\/berrelhas\/wp-json\/wp\/v2\/media?parent=2"}],"curies":[{"name":"wp","href":"https:\/\/api.w.org\/{rel}","templated":true}]}}